{"id":2,"date":"2020-10-26T09:21:20","date_gmt":"2020-10-26T09:21:20","guid":{"rendered":"http:\/\/penttikoivikko.fi\/?page_id=2"},"modified":"2025-11-10T12:55:03","modified_gmt":"2025-11-10T12:55:03","slug":"taideaika","status":"publish","type":"page","link":"https:\/\/penttikoivikko.fi\/index.php\/taideaika\/","title":{"rendered":"Kehyspalvelu Taideaika"},"content":{"rendered":"\n<div class=\"wp-block-image\"><figure class=\"alignright size-large\"><img loading=\"lazy\" decoding=\"async\" width=\"291\" height=\"400\" src=\"http:\/\/penttikoivikko.fi\/wp-content\/uploads\/2020\/11\/pieni-koivikko_0001.jpg\" alt=\"\" class=\"wp-image-282\" srcset=\"https:\/\/penttikoivikko.fi\/wp-content\/uploads\/2020\/11\/pieni-koivikko_0001.jpg 291w, https:\/\/penttikoivikko.fi\/wp-content\/uploads\/2020\/11\/pieni-koivikko_0001-218x300.jpg 218w\" sizes=\"auto, (max-width: 291px) 100vw, 291px\" \/><\/figure><\/div>\n\n\n\n<p class=\"has-text-align-left\">Kehyspalvelu Taideaika tarjoaa maalauksien, grafiikan, julisteiden, valokuvien sek\u00e4 peilien kehystyspalveluita. Kehyspalvelu Taideaika kehyst\u00e4\u00e4 my\u00f6s Pentti Koivikon serigrafian, joten voit tilatessasi p\u00e4\u00e4tt\u00e4\u00e4 haluatko teoksen kehyksill\u00e4 vai ilman.<\/p>\n\n\n\n<p>Kehysvalikoimamme voit tarkastella <a href=\"http:\/\/penttikoivikko.fi\/index.php\/kehykset\/\" data-type=\"page\" data-id=\"360\">t\u00e4\u00e4lt\u00e4<\/a>.<\/p>\n\n\n\n<blockquote class=\"wp-block-quote has-text-align-left is-style-default is-layout-flow wp-block-quote-is-layout-flow\"><p>Samuli Koivikko<\/p><p>puh. +35850 562 3672<br>samulikoivikko@hotmail.com<br>Mannerheimintie 14, 21100 Naantali<\/p><\/blockquote>\n\n\n\n<p>Sis\u00e4\u00e4nk\u00e4ynti on Alikatu 15 puolella. Sis\u00e4pihalla on parkkipaikkoja.<\/p>\n\n\n\n<p><a href=\"https:\/\/www.facebook.com\/profile.php?id=61582647701669\" target=\"_blank\" rel=\"noreferrer noopener\">Seuraa Kehyspalvelu Taideaikaa Facebookissa!<\/a><\/p>\n","protected":false},"excerpt":{"rendered":"<p>Kehyspalvelu Taideaika tarjoaa maalauksien, grafiikan, julisteiden, valokuvien sek\u00e4 peilien kehystyspalveluita. Kehyspalvelu Taideaika kehyst\u00e4\u00e4 my\u00f6s Pentti Koivikon serigrafian, joten voit tilatessasi p\u00e4\u00e4tt\u00e4\u00e4 haluatko teoksen kehyksill\u00e4 vai ilman. Kehysvalikoimamme voit tarkastella t\u00e4\u00e4lt\u00e4. Samuli Koivikko puh. +35850 562 3672samulikoivikko@hotmail.comMannerheimintie 14, 21100 Naantali Sis\u00e4\u00e4nk\u00e4ynti on Alikatu 15 puolella. Sis\u00e4pihalla on parkkipaikkoja. Seuraa Kehyspalvelu Taideaikaa Facebookissa!<\/p>\n","protected":false},"author":1,"featured_media":0,"parent":0,"menu_order":0,"comment_status":"closed","ping_status":"open","template":"","meta":{"site-sidebar-layout":"no-sidebar","site-content-layout":"default","ast-site-content-layout":"default","site-content-style":"default","site-sidebar-style":"default","ast-global-header-display":"","ast-banner-title-visibility":"","ast-main-header-display":"","ast-hfb-above-header-display":"","ast-hfb-below-header-display":"","ast-hfb-mobile-header-display":"","site-post-title":"","ast-breadcrumbs-content":"","ast-featured-img":"","footer-sml-layout":"","theme-transparent-header-meta":"default","adv-header-id-meta":"","stick-header-meta":"","header-above-stick-meta":"","header-main-stick-meta":"","header-below-stick-meta":"","astra-migrate-meta-layouts":"set","ast-page-background-enabled":"default","ast-page-background-meta":{"desktop":{"background-color":"var(--ast-global-color-4)","background-image":"","background-repeat":"repeat","background-position":"center center","background-size":"auto","background-attachment":"scroll","background-type":"","background-media":"","overlay-type":"","overlay-color":"","overlay-opacity":"","overlay-gradient":""},"tablet":{"background-color":"","background-image":"","background-repeat":"repeat","background-position":"center center","background-size":"auto","background-attachment":"scroll","background-type":"","background-media":"","overlay-type":"","overlay-color":"","overlay-opacity":"","overlay-gradient":""},"mobile":{"background-color":"","background-image":"","background-repeat":"repeat","background-position":"center center","background-size":"auto","background-attachment":"scroll","background-type":"","background-media":"","overlay-type":"","overlay-color":"","overlay-opacity":"","overlay-gradient":""}},"ast-content-background-meta":{"desktop":{"background-color":"var(--ast-global-color-5)","background-image":"","background-repeat":"repeat","background-position":"center center","background-size":"auto","background-attachment":"scroll","background-type":"","background-media":"","overlay-type":"","overlay-color":"","overlay-opacity":"","overlay-gradient":""},"tablet":{"background-color":"var(--ast-global-color-5)","background-image":"","background-repeat":"repeat","background-position":"center center","background-size":"auto","background-attachment":"scroll","background-type":"","background-media":"","overlay-type":"","overlay-color":"","overlay-opacity":"","overlay-gradient":""},"mobile":{"background-color":"var(--ast-global-color-5)","background-image":"","background-repeat":"repeat","background-position":"center center","background-size":"auto","background-attachment":"scroll","background-type":"","background-media":"","overlay-type":"","overlay-color":"","overlay-opacity":"","overlay-gradient":""}},"footnotes":""},"class_list":["post-2","page","type-page","status-publish","hentry"],"_links":{"self":[{"href":"https:\/\/penttikoivikko.fi\/index.php\/wp-json\/wp\/v2\/pages\/2","targetHints":{"allow":["GET"]}}],"collection":[{"href":"https:\/\/penttikoivikko.fi\/index.php\/wp-json\/wp\/v2\/pages"}],"about":[{"href":"https:\/\/penttikoivikko.fi\/index.php\/wp-json\/wp\/v2\/types\/page"}],"author":[{"embeddable":true,"href":"https:\/\/penttikoivikko.fi\/index.php\/wp-json\/wp\/v2\/users\/1"}],"replies":[{"embeddable":true,"href":"https:\/\/penttikoivikko.fi\/index.php\/wp-json\/wp\/v2\/comments?post=2"}],"version-history":[{"count":10,"href":"https:\/\/penttikoivikko.fi\/index.php\/wp-json\/wp\/v2\/pages\/2\/revisions"}],"predecessor-version":[{"id":415,"href":"https:\/\/penttikoivikko.fi\/index.php\/wp-json\/wp\/v2\/pages\/2\/revisions\/415"}],"wp:attachment":[{"href":"https:\/\/penttikoivikko.fi\/index.php\/wp-json\/wp\/v2\/media?parent=2"}],"curies":[{"name":"wp","href":"https:\/\/api.w.org\/{rel}","templated":true}]}}