{"id":21,"date":"2020-10-26T17:12:51","date_gmt":"2020-10-26T17:12:51","guid":{"rendered":"http:\/\/penttikoivikko.fi\/index.php\/home-page\/"},"modified":"2025-11-10T13:02:33","modified_gmt":"2025-11-10T13:02:33","slug":"home-page","status":"publish","type":"page","link":"https:\/\/penttikoivikko.fi\/","title":{"rendered":"Taidemaalari Pentti Koivikko"},"content":{"rendered":"\n<div class=\"wp-block-image\"><figure class=\"alignright size-large\"><img loading=\"lazy\" decoding=\"async\" width=\"321\" height=\"400\" src=\"http:\/\/penttikoivikko.fi\/wp-content\/uploads\/2020\/11\/pieni-koivikko_0005.jpg\" alt=\"\" class=\"wp-image-286\" srcset=\"https:\/\/penttikoivikko.fi\/wp-content\/uploads\/2020\/11\/pieni-koivikko_0005.jpg 321w, https:\/\/penttikoivikko.fi\/wp-content\/uploads\/2020\/11\/pieni-koivikko_0005-241x300.jpg 241w\" sizes=\"auto, (max-width: 321px) 100vw, 321px\" \/><\/figure><\/div>\n\n\n\n<p>Taidemaalari, piirt\u00e4j\u00e4 ja graafikko Pentti Koivikko on syntynyt Kurikassa, mutta asui ja ty\u00f6skenteli Naantalissa. H\u00e4nell\u00e4 on ollut yksityisn\u00e4yttelyit\u00e4 niin useissa Pohjoismaissa, Euroopassa kuin Japanissa asti. Lis\u00e4\u00e4 tietoa Pentti Koivikon urasta <a href=\"http:\/\/penttikoivikko.fi\/index.php\/taiteilija\/\" data-type=\"page\" data-id=\"20\">voit lukea t\u00e4\u00e4lt\u00e4<\/a>.<\/p>\n\n\n\n<p>Taiteilijan myynniss\u00e4 olevaa serigrafiaa p\u00e4\u00e4set <a href=\"http:\/\/penttikoivikko.fi\/index.php\/serigrafia\/\" data-type=\"page\" data-id=\"143\">katsomaan t\u00e4\u00e4lt\u00e4<\/a>.<\/p>\n\n\n\n<p>Voit olla yhteydess\u00e4 suoraan Samuli Koivikkoon, joka t\u00e4ll\u00e4 hetkell\u00e4 vastaa tilauksista.<\/p>\n\n\n\n<blockquote class=\"wp-block-quote is-layout-flow wp-block-quote-is-layout-flow\"><p>Samuli Koivikko<br><br>Puh. +35850 562 3672<br>samulikoivikko@hotmail.com<br>Mannerheimintie 14, 21100 Naantali<\/p><\/blockquote>\n\n\n\n<p>If you need information in English, please <a href=\"http:\/\/penttikoivikko.fi\/index.php\/in-english\/\" data-type=\"page\" data-id=\"313\">click here<\/a>.<\/p>\n\n\n\n<p><\/p>\n\n\n\n<h3 class=\"wp-block-heading\">Kuukauden klassikko<\/h3>\n\n\n\n<div class=\"wp-block-image\"><figure class=\"alignleft size-medium\"><img loading=\"lazy\" decoding=\"async\" width=\"225\" height=\"300\" src=\"http:\/\/penttikoivikko.fi\/wp-content\/uploads\/2023\/03\/IMG_2804-225x300.jpg\" alt=\"\" class=\"wp-image-383\" srcset=\"https:\/\/penttikoivikko.fi\/wp-content\/uploads\/2023\/03\/IMG_2804-225x300.jpg 225w, https:\/\/penttikoivikko.fi\/wp-content\/uploads\/2023\/03\/IMG_2804-768x1024.jpg 768w, https:\/\/penttikoivikko.fi\/wp-content\/uploads\/2023\/03\/IMG_2804-1152x1536.jpg 1152w, https:\/\/penttikoivikko.fi\/wp-content\/uploads\/2023\/03\/IMG_2804-1536x2048.jpg 1536w, https:\/\/penttikoivikko.fi\/wp-content\/uploads\/2023\/03\/IMG_2804-scaled.jpg 1920w\" sizes=\"auto, (max-width: 225px) 100vw, 225px\" \/><\/figure><\/div>\n\n\n\n<p>T\u00e4hdenlento, 2010<br>Kuvan koko: 40cm x 30cm<br>Hinta: 310\u20ac, kehystettyn\u00e4: 360\u20ac<\/p>\n\n\n\n<p> <\/p>\n\n\n\n<p> <\/p>\n\n\n\n<p> <\/p>\n\n\n\n<p> <\/p>\n\n\n\n<p> <\/p>\n\n\n\n<p>  <\/p>\n\n\n\n<p> <\/p>\n\n\n\n<p> <\/p>\n\n\n\n<p><\/p>\n\n\n\n<p> <\/p>\n\n\n\n<h3 class=\"wp-block-heading\">Tulevat n\u00e4yttelyt<\/h3>\n\n\n\n<div class=\"wp-block-image\"><figure class=\"alignright size-large\"><img loading=\"lazy\" decoding=\"async\" width=\"285\" height=\"400\" src=\"http:\/\/penttikoivikko.fi\/wp-content\/uploads\/2020\/11\/pieni-koivikko_0030.jpg\" alt=\"\" class=\"wp-image-270\" srcset=\"https:\/\/penttikoivikko.fi\/wp-content\/uploads\/2020\/11\/pieni-koivikko_0030.jpg 285w, https:\/\/penttikoivikko.fi\/wp-content\/uploads\/2020\/11\/pieni-koivikko_0030-214x300.jpg 214w\" sizes=\"auto, (max-width: 285px) 100vw, 285px\" \/><\/figure><\/div>\n\n\n\n<p><strong>Galleria Pentti Koivikko<\/strong><br><em>Auki torstaisin 12-17<\/em><br><em>Muulloin Sovitusti<\/em><br>Kehyspalvelu Taideaika tiloissa<br>(Mannerheimintie 14, 21100 Naantali)<br>Sis\u00e4\u00e4nk\u00e4ynti Alikatu 15 puolelta. Parkkipaikkoja sis\u00e4pihalla.<br><\/p>\n\n\n\n<p><\/p>\n\n\n\n<p><\/p>\n\n\n\n<h4 class=\"wp-block-heading\">Vuoden 2026 tulevat n\u00e4yttelyt:<\/h4>\n\n\n\n<p>P\u00e4ivit\u00e4mme vuoden 2026 n\u00e4yttelyit\u00e4 sivuille my\u00f6hemmin.<\/p>\n","protected":false},"excerpt":{"rendered":"<p>Taidemaalari, piirt\u00e4j\u00e4 ja graafikko Pentti Koivikko on syntynyt Kurikassa, mutta asui ja ty\u00f6skenteli Naantalissa. H\u00e4nell\u00e4 on ollut yksityisn\u00e4yttelyit\u00e4 niin useissa Pohjoismaissa, Euroopassa kuin Japanissa asti. Lis\u00e4\u00e4 tietoa Pentti Koivikon urasta voit lukea t\u00e4\u00e4lt\u00e4. Taiteilijan myynniss\u00e4 olevaa serigrafiaa p\u00e4\u00e4set katsomaan t\u00e4\u00e4lt\u00e4. Voit olla yhteydess\u00e4 suoraan Samuli Koivikkoon, joka t\u00e4ll\u00e4 hetkell\u00e4 vastaa tilauksista. Samuli Koivikko Puh. +35850 [&hellip;]<\/p>\n","protected":false},"author":1,"featured_media":0,"parent":0,"menu_order":0,"comment_status":"closed","ping_status":"closed","template":"","meta":{"site-sidebar-layout":"no-sidebar","site-content-layout":"default","ast-site-content-layout":"default","site-content-style":"default","site-sidebar-style":"default","ast-global-header-display":"","ast-banner-title-visibility":"","ast-main-header-display":"","ast-hfb-above-header-display":"","ast-hfb-below-header-display":"","ast-hfb-mobile-header-display":"","site-post-title":"disabled","ast-breadcrumbs-content":"","ast-featured-img":"disabled","footer-sml-layout":"","theme-transparent-header-meta":"default","adv-header-id-meta":"","stick-header-meta":"","header-above-stick-meta":"","header-main-stick-meta":"","header-below-stick-meta":"","astra-migrate-meta-layouts":"set","ast-page-background-enabled":"default","ast-page-background-meta":{"desktop":{"background-color":"var(--ast-global-color-4)","background-image":"","background-repeat":"repeat","background-position":"center center","background-size":"auto","background-attachment":"scroll","background-type":"","background-media":"","overlay-type":"","overlay-color":"","overlay-opacity":"","overlay-gradient":""},"tablet":{"background-color":"","background-image":"","background-repeat":"repeat","background-position":"center center","background-size":"auto","background-attachment":"scroll","background-type":"","background-media":"","overlay-type":"","overlay-color":"","overlay-opacity":"","overlay-gradient":""},"mobile":{"background-color":"","background-image":"","background-repeat":"repeat","background-position":"center center","background-size":"auto","background-attachment":"scroll","background-type":"","background-media":"","overlay-type":"","overlay-color":"","overlay-opacity":"","overlay-gradient":""}},"ast-content-background-meta":{"desktop":{"background-color":"var(--ast-global-color-5)","background-image":"","background-repeat":"repeat","background-position":"center center","background-size":"auto","background-attachment":"scroll","background-type":"","background-media":"","overlay-type":"","overlay-color":"","overlay-opacity":"","overlay-gradient":""},"tablet":{"background-color":"var(--ast-global-color-5)","background-image":"","background-repeat":"repeat","background-position":"center center","background-size":"auto","background-attachment":"scroll","background-type":"","background-media":"","overlay-type":"","overlay-color":"","overlay-opacity":"","overlay-gradient":""},"mobile":{"background-color":"var(--ast-global-color-5)","background-image":"","background-repeat":"repeat","background-position":"center center","background-size":"auto","background-attachment":"scroll","background-type":"","background-media":"","overlay-type":"","overlay-color":"","overlay-opacity":"","overlay-gradient":""}},"footnotes":""},"class_list":["post-21","page","type-page","status-publish","hentry"],"_links":{"self":[{"href":"https:\/\/penttikoivikko.fi\/index.php\/wp-json\/wp\/v2\/pages\/21","targetHints":{"allow":["GET"]}}],"collection":[{"href":"https:\/\/penttikoivikko.fi\/index.php\/wp-json\/wp\/v2\/pages"}],"about":[{"href":"https:\/\/penttikoivikko.fi\/index.php\/wp-json\/wp\/v2\/types\/page"}],"author":[{"embeddable":true,"href":"https:\/\/penttikoivikko.fi\/index.php\/wp-json\/wp\/v2\/users\/1"}],"replies":[{"embeddable":true,"href":"https:\/\/penttikoivikko.fi\/index.php\/wp-json\/wp\/v2\/comments?post=21"}],"version-history":[{"count":28,"href":"https:\/\/penttikoivikko.fi\/index.php\/wp-json\/wp\/v2\/pages\/21\/revisions"}],"predecessor-version":[{"id":417,"href":"https:\/\/penttikoivikko.fi\/index.php\/wp-json\/wp\/v2\/pages\/21\/revisions\/417"}],"wp:attachment":[{"href":"https:\/\/penttikoivikko.fi\/index.php\/wp-json\/wp\/v2\/media?parent=21"}],"curies":[{"name":"wp","href":"https:\/\/api.w.org\/{rel}","templated":true}]}}