{"id":360,"date":"2021-03-08T09:34:46","date_gmt":"2021-03-08T09:34:46","guid":{"rendered":"http:\/\/penttikoivikko.fi\/?page_id=360"},"modified":"2021-03-08T09:34:46","modified_gmt":"2021-03-08T09:34:46","slug":"kehykset","status":"publish","type":"page","link":"https:\/\/penttikoivikko.fi\/index.php\/kehykset\/","title":{"rendered":"Kehykset"},"content":{"rendered":"\n<p>T\u00e4lt\u00e4 sivulta n\u00e4et millaisia kehysvaihtoehtoja tarjoamme teoksiimme. Lis\u00e4tietoa kehyspalvelustamme l\u00f6ytyy <a href=\"http:\/\/penttikoivikko.fi\/index.php\/taideaika\/\" data-type=\"page\" data-id=\"2\">Kehyspalvelu Taideaika<\/a> -sivulta. <br>Tarjoamme kolme eri v\u00e4rivaihtoehtoa niin ohuempana kuin leve\u00e4mp\u00e4n\u00e4kin. Saat valita tilausesi yhteydess\u00e4 sinulle mieleisimm\u00e4n.<\/p>\n\n\n\n<p>V\u00e4rivaihtoehtoina l\u00f6ytyy valkoinen, hopea sek\u00e4 kulta.<\/p>\n\n\n\n<figure class=\"wp-block-image size-large\"><img loading=\"lazy\" decoding=\"async\" width=\"819\" height=\"1024\" src=\"http:\/\/penttikoivikko.fi\/wp-content\/uploads\/2021\/03\/kehykset-lapinakyva-819x1024.png\" alt=\"\" class=\"wp-image-362\" srcset=\"https:\/\/penttikoivikko.fi\/wp-content\/uploads\/2021\/03\/kehykset-lapinakyva-819x1024.png 819w, https:\/\/penttikoivikko.fi\/wp-content\/uploads\/2021\/03\/kehykset-lapinakyva-240x300.png 240w, https:\/\/penttikoivikko.fi\/wp-content\/uploads\/2021\/03\/kehykset-lapinakyva-768x960.png 768w, https:\/\/penttikoivikko.fi\/wp-content\/uploads\/2021\/03\/kehykset-lapinakyva.png 1202w\" sizes=\"auto, (max-width: 819px) 100vw, 819px\" \/><\/figure>\n","protected":false},"excerpt":{"rendered":"<p>T\u00e4lt\u00e4 sivulta n\u00e4et millaisia kehysvaihtoehtoja tarjoamme teoksiimme. Lis\u00e4tietoa kehyspalvelustamme l\u00f6ytyy Kehyspalvelu Taideaika -sivulta. Tarjoamme kolme eri v\u00e4rivaihtoehtoa niin ohuempana kuin leve\u00e4mp\u00e4n\u00e4kin. Saat valita tilausesi yhteydess\u00e4 sinulle mieleisimm\u00e4n. V\u00e4rivaihtoehtoina l\u00f6ytyy valkoinen, hopea sek\u00e4 kulta.<\/p>\n","protected":false},"author":1,"featured_media":0,"parent":0,"menu_order":0,"comment_status":"closed","ping_status":"closed","template":"","meta":{"site-sidebar-layout":"no-sidebar","site-content-layout":"default","ast-site-content-layout":"default","site-content-style":"default","site-sidebar-style":"default","ast-global-header-display":"","ast-banner-title-visibility":"","ast-main-header-display":"","ast-hfb-above-header-display":"","ast-hfb-below-header-display":"","ast-hfb-mobile-header-display":"","site-post-title":"","ast-breadcrumbs-content":"","ast-featured-img":"","footer-sml-layout":"","theme-transparent-header-meta":"default","adv-header-id-meta":"","stick-header-meta":"","header-above-stick-meta":"","header-main-stick-meta":"","header-below-stick-meta":"","astra-migrate-meta-layouts":"default","ast-page-background-enabled":"default","ast-page-background-meta":{"desktop":{"background-color":"var(--ast-global-color-4)","background-image":"","background-repeat":"repeat","background-position":"center center","background-size":"auto","background-attachment":"scroll","background-type":"","background-media":"","overlay-type":"","overlay-color":"","overlay-opacity":"","overlay-gradient":""},"tablet":{"background-color":"","background-image":"","background-repeat":"repeat","background-position":"center center","background-size":"auto","background-attachment":"scroll","background-type":"","background-media":"","overlay-type":"","overlay-color":"","overlay-opacity":"","overlay-gradient":""},"mobile":{"background-color":"","background-image":"","background-repeat":"repeat","background-position":"center center","background-size":"auto","background-attachment":"scroll","background-type":"","background-media":"","overlay-type":"","overlay-color":"","overlay-opacity":"","overlay-gradient":""}},"ast-content-background-meta":{"desktop":{"background-color":"var(--ast-global-color-5)","background-image":"","background-repeat":"repeat","background-position":"center center","background-size":"auto","background-attachment":"scroll","background-type":"","background-media":"","overlay-type":"","overlay-color":"","overlay-opacity":"","overlay-gradient":""},"tablet":{"background-color":"var(--ast-global-color-5)","background-image":"","background-repeat":"repeat","background-position":"center center","background-size":"auto","background-attachment":"scroll","background-type":"","background-media":"","overlay-type":"","overlay-color":"","overlay-opacity":"","overlay-gradient":""},"mobile":{"background-color":"var(--ast-global-color-5)","background-image":"","background-repeat":"repeat","background-position":"center center","background-size":"auto","background-attachment":"scroll","background-type":"","background-media":"","overlay-type":"","overlay-color":"","overlay-opacity":"","overlay-gradient":""}},"footnotes":""},"class_list":["post-360","page","type-page","status-publish","hentry"],"_links":{"self":[{"href":"https:\/\/penttikoivikko.fi\/index.php\/wp-json\/wp\/v2\/pages\/360","targetHints":{"allow":["GET"]}}],"collection":[{"href":"https:\/\/penttikoivikko.fi\/index.php\/wp-json\/wp\/v2\/pages"}],"about":[{"href":"https:\/\/penttikoivikko.fi\/index.php\/wp-json\/wp\/v2\/types\/page"}],"author":[{"embeddable":true,"href":"https:\/\/penttikoivikko.fi\/index.php\/wp-json\/wp\/v2\/users\/1"}],"replies":[{"embeddable":true,"href":"https:\/\/penttikoivikko.fi\/index.php\/wp-json\/wp\/v2\/comments?post=360"}],"version-history":[{"count":2,"href":"https:\/\/penttikoivikko.fi\/index.php\/wp-json\/wp\/v2\/pages\/360\/revisions"}],"predecessor-version":[{"id":364,"href":"https:\/\/penttikoivikko.fi\/index.php\/wp-json\/wp\/v2\/pages\/360\/revisions\/364"}],"wp:attachment":[{"href":"https:\/\/penttikoivikko.fi\/index.php\/wp-json\/wp\/v2\/media?parent=360"}],"curies":[{"name":"wp","href":"https:\/\/api.w.org\/{rel}","templated":true}]}}