{"id":56,"date":"2020-11-10T12:13:18","date_gmt":"2020-11-10T12:13:18","guid":{"rendered":"http:\/\/penttikoivikko.fi\/?page_id=56"},"modified":"2020-11-10T18:16:02","modified_gmt":"2020-11-10T18:16:02","slug":"kesayossa-2015","status":"publish","type":"page","link":"https:\/\/penttikoivikko.fi\/index.php\/kesayossa-2015\/","title":{"rendered":"Kes\u00e4y\u00f6ss\u00e4 2015"},"content":{"rendered":"\n<div class=\"wp-block-image\"><figure class=\"alignleft size-large\"><img loading=\"lazy\" decoding=\"async\" width=\"792\" height=\"1024\" src=\"http:\/\/penttikoivikko.fi\/wp-content\/uploads\/2020\/11\/koivikko_004-792x1024.jpg\" alt=\"\" class=\"wp-image-161\" srcset=\"https:\/\/penttikoivikko.fi\/wp-content\/uploads\/2020\/11\/koivikko_004-792x1024.jpg 792w, https:\/\/penttikoivikko.fi\/wp-content\/uploads\/2020\/11\/koivikko_004-232x300.jpg 232w, https:\/\/penttikoivikko.fi\/wp-content\/uploads\/2020\/11\/koivikko_004-768x993.jpg 768w, https:\/\/penttikoivikko.fi\/wp-content\/uploads\/2020\/11\/koivikko_004-1188x1536.jpg 1188w, https:\/\/penttikoivikko.fi\/wp-content\/uploads\/2020\/11\/koivikko_004-1583x2048.jpg 1583w, https:\/\/penttikoivikko.fi\/wp-content\/uploads\/2020\/11\/koivikko_004.jpg 1588w\" sizes=\"auto, (max-width: 792px) 100vw, 792px\" \/><\/figure><\/div>\n\n\n\n<p>Valmistusvuosi: 2015<br>Kuvan koko: 33cm x 24cm<br>Hinta: 250\u20ac, kehystettyn\u00e4 290\u20ac<\/p>\n","protected":false},"excerpt":{"rendered":"<p>Valmistusvuosi: 2015Kuvan koko: 33cm x 24cmHinta: 250\u20ac, kehystettyn\u00e4 290\u20ac<\/p>\n","protected":false},"author":1,"featured_media":0,"parent":0,"menu_order":0,"comment_status":"closed","ping_status":"closed","template":"","meta":{"site-sidebar-layout":"no-sidebar","site-content-layout":"default","ast-site-content-layout":"default","site-content-style":"default","site-sidebar-style":"default","ast-global-header-display":"","ast-banner-title-visibility":"","ast-main-header-display":"","ast-hfb-above-header-display":"","ast-hfb-below-header-display":"","ast-hfb-mobile-header-display":"","site-post-title":"","ast-breadcrumbs-content":"","ast-featured-img":"","footer-sml-layout":"","theme-transparent-header-meta":"default","adv-header-id-meta":"","stick-header-meta":"","header-above-stick-meta":"","header-main-stick-meta":"","header-below-stick-meta":"","astra-migrate-meta-layouts":"default","ast-page-background-enabled":"default","ast-page-background-meta":{"desktop":{"background-color":"var(--ast-global-color-4)","background-image":"","background-repeat":"repeat","background-position":"center center","background-size":"auto","background-attachment":"scroll","background-type":"","background-media":"","overlay-type":"","overlay-color":"","overlay-opacity":"","overlay-gradient":""},"tablet":{"background-color":"","background-image":"","background-repeat":"repeat","background-position":"center center","background-size":"auto","background-attachment":"scroll","background-type":"","background-media":"","overlay-type":"","overlay-color":"","overlay-opacity":"","overlay-gradient":""},"mobile":{"background-color":"","background-image":"","background-repeat":"repeat","background-position":"center center","background-size":"auto","background-attachment":"scroll","background-type":"","background-media":"","overlay-type":"","overlay-color":"","overlay-opacity":"","overlay-gradient":""}},"ast-content-background-meta":{"desktop":{"background-color":"var(--ast-global-color-5)","background-image":"","background-repeat":"repeat","background-position":"center center","background-size":"auto","background-attachment":"scroll","background-type":"","background-media":"","overlay-type":"","overlay-color":"","overlay-opacity":"","overlay-gradient":""},"tablet":{"background-color":"var(--ast-global-color-5)","background-image":"","background-repeat":"repeat","background-position":"center center","background-size":"auto","background-attachment":"scroll","background-type":"","background-media":"","overlay-type":"","overlay-color":"","overlay-opacity":"","overlay-gradient":""},"mobile":{"background-color":"var(--ast-global-color-5)","background-image":"","background-repeat":"repeat","background-position":"center center","background-size":"auto","background-attachment":"scroll","background-type":"","background-media":"","overlay-type":"","overlay-color":"","overlay-opacity":"","overlay-gradient":""}},"footnotes":""},"class_list":["post-56","page","type-page","status-publish","hentry"],"_links":{"self":[{"href":"https:\/\/penttikoivikko.fi\/index.php\/wp-json\/wp\/v2\/pages\/56","targetHints":{"allow":["GET"]}}],"collection":[{"href":"https:\/\/penttikoivikko.fi\/index.php\/wp-json\/wp\/v2\/pages"}],"about":[{"href":"https:\/\/penttikoivikko.fi\/index.php\/wp-json\/wp\/v2\/types\/page"}],"author":[{"embeddable":true,"href":"https:\/\/penttikoivikko.fi\/index.php\/wp-json\/wp\/v2\/users\/1"}],"replies":[{"embeddable":true,"href":"https:\/\/penttikoivikko.fi\/index.php\/wp-json\/wp\/v2\/comments?post=56"}],"version-history":[{"count":2,"href":"https:\/\/penttikoivikko.fi\/index.php\/wp-json\/wp\/v2\/pages\/56\/revisions"}],"predecessor-version":[{"id":207,"href":"https:\/\/penttikoivikko.fi\/index.php\/wp-json\/wp\/v2\/pages\/56\/revisions\/207"}],"wp:attachment":[{"href":"https:\/\/penttikoivikko.fi\/index.php\/wp-json\/wp\/v2\/media?parent=56"}],"curies":[{"name":"wp","href":"https:\/\/api.w.org\/{rel}","templated":true}]}}